{"id":10,"date":"2026-02-04T17:15:44","date_gmt":"2026-02-04T17:15:44","guid":{"rendered":"http:\/\/kishpiway.com\/?page_id=10"},"modified":"2026-03-11T17:46:21","modified_gmt":"2026-03-11T17:46:21","slug":"guias","status":"publish","type":"page","link":"https:\/\/kishpiway.com\/en\/guias\/","title":{"rendered":"Guides"},"content":{"rendered":"<p>Real guides to travel better, spend smarter, and enjoy experiences that are truly worth it.<\/p>\n\n\n\n<p>At KishpiWay, we share honest tips, real prices, simple routes, and practical recommendations for families and travellers who want to plan better from London and across Europe.<\/p>\n\n\n\n<p>Explore our guides and find useful inspiration to plan your next experience with more clarity and less stress.<\/p>\n\n\n\n<p><\/p>","protected":false},"excerpt":{"rendered":"<p>Gu\u00edas reales para viajar mejor, gastar con m\u00e1s cabeza y disfrutar experiencias que de verdad valen la pena. En KishpiWay [&hellip;]<\/p>\n","protected":false},"author":1,"featured_media":0,"parent":0,"menu_order":0,"comment_status":"closed","ping_status":"closed","template":"","meta":{"site-sidebar-layout":"default","site-content-layout":"","ast-site-content-layout":"default","site-content-style":"default","site-sidebar-style":"default","ast-global-header-display":"","ast-banner-title-visibility":"","ast-main-header-display":"","ast-hfb-above-header-display":"","ast-hfb-below-header-display":"","ast-hfb-mobile-header-display":"","site-post-title":"","ast-breadcrumbs-content":"","ast-featured-img":"","footer-sml-layout":"","ast-disable-related-posts":"","theme-transparent-header-meta":"","adv-header-id-meta":"","stick-header-meta":"","header-above-stick-meta":"","header-main-stick-meta":"","header-below-stick-meta":"","astra-migrate-meta-layouts":"default","ast-page-background-enabled":"default","ast-page-background-meta":{"desktop":{"background-color":"var(--ast-global-color-5)","background-image":"","background-repeat":"repeat","background-position":"center center","background-size":"auto","background-attachment":"scroll","background-type":"","background-media":"","overlay-type":"","overlay-color":"","overlay-opacity":"","overlay-gradient":""},"tablet":{"background-color":"","background-image":"","background-repeat":"repeat","background-position":"center center","background-size":"auto","background-attachment":"scroll","background-type":"","background-media":"","overlay-type":"","overlay-color":"","overlay-opacity":"","overlay-gradient":""},"mobile":{"background-color":"","background-image":"","background-repeat":"repeat","background-position":"center center","background-size":"auto","background-attachment":"scroll","background-type":"","background-media":"","overlay-type":"","overlay-color":"","overlay-opacity":"","overlay-gradient":""}},"ast-content-background-meta":{"desktop":{"background-color":"var(--ast-global-color-4)","background-image":"","background-repeat":"repeat","background-position":"center center","background-size":"auto","background-attachment":"scroll","background-type":"","background-media":"","overlay-type":"","overlay-color":"","overlay-opacity":"","overlay-gradient":""},"tablet":{"background-color":"var(--ast-global-color-4)","background-image":"","background-repeat":"repeat","background-position":"center center","background-size":"auto","background-attachment":"scroll","background-type":"","background-media":"","overlay-type":"","overlay-color":"","overlay-opacity":"","overlay-gradient":""},"mobile":{"background-color":"var(--ast-global-color-4)","background-image":"","background-repeat":"repeat","background-position":"center center","background-size":"auto","background-attachment":"scroll","background-type":"","background-media":"","overlay-type":"","overlay-color":"","overlay-opacity":"","overlay-gradient":""}},"footnotes":""},"class_list":["post-10","page","type-page","status-publish","hentry"],"yoast_head":"<!-- This site is optimized with the Yoast SEO plugin v27.6 - https:\/\/yoast.com\/product\/yoast-seo-wordpress\/ -->\n<title>Gu\u00edas - KishpiWay<\/title>\n<meta name=\"robots\" content=\"index, follow, max-snippet:-1, max-image-preview:large, max-video-preview:-1\" \/>\n<link rel=\"canonical\" href=\"https:\/\/kishpiway.com\/en\/guias\/\" \/>\n<meta property=\"og:locale\" content=\"en_GB\" \/>\n<meta property=\"og:type\" content=\"article\" \/>\n<meta property=\"og:title\" content=\"Gu\u00edas - KishpiWay\" \/>\n<meta property=\"og:description\" content=\"Gu\u00edas reales para viajar mejor, gastar con m\u00e1s cabeza y disfrutar experiencias que de verdad valen la pena. En KishpiWay [&hellip;]\" \/>\n<meta property=\"og:url\" content=\"https:\/\/kishpiway.com\/en\/guias\/\" \/>\n<meta property=\"og:site_name\" content=\"KishpiWay\" \/>\n<meta property=\"article:publisher\" content=\"https:\/\/www.facebook.com\/profile.php?id=61587144574084\" \/>\n<meta property=\"article:modified_time\" content=\"2026-03-11T17:46:21+00:00\" \/>\n<meta name=\"twitter:card\" content=\"summary_large_image\" \/>\n<meta name=\"twitter:label1\" content=\"Estimated reading time\" \/>\n\t<meta name=\"twitter:data1\" content=\"1 minute\" \/>\n<script type=\"application\/ld+json\" class=\"yoast-schema-graph\">{\"@context\":\"https:\\\/\\\/schema.org\",\"@graph\":[{\"@type\":\"WebPage\",\"@id\":\"https:\\\/\\\/kishpiway.com\\\/guias\\\/\",\"url\":\"https:\\\/\\\/kishpiway.com\\\/guias\\\/\",\"name\":\"Gu\u00edas - KishpiWay\",\"isPartOf\":{\"@id\":\"https:\\\/\\\/kishpiway.com\\\/#website\"},\"datePublished\":\"2026-02-04T17:15:44+00:00\",\"dateModified\":\"2026-03-11T17:46:21+00:00\",\"breadcrumb\":{\"@id\":\"https:\\\/\\\/kishpiway.com\\\/guias\\\/#breadcrumb\"},\"inLanguage\":\"en-GB\",\"potentialAction\":[{\"@type\":\"ReadAction\",\"target\":[\"https:\\\/\\\/kishpiway.com\\\/guias\\\/\"]}]},{\"@type\":\"BreadcrumbList\",\"@id\":\"https:\\\/\\\/kishpiway.com\\\/guias\\\/#breadcrumb\",\"itemListElement\":[{\"@type\":\"ListItem\",\"position\":1,\"name\":\"Home\",\"item\":\"https:\\\/\\\/kishpiway.com\\\/\"},{\"@type\":\"ListItem\",\"position\":2,\"name\":\"Gu\u00edas\"}]},{\"@type\":\"WebSite\",\"@id\":\"https:\\\/\\\/kishpiway.com\\\/#website\",\"url\":\"https:\\\/\\\/kishpiway.com\\\/\",\"name\":\"KishpiWay\",\"description\":\"Gu\u00ecas de viaje, experiencias reales y consejos pr\u00e0cticos\",\"publisher\":{\"@id\":\"https:\\\/\\\/kishpiway.com\\\/#organization\"},\"potentialAction\":[{\"@type\":\"SearchAction\",\"target\":{\"@type\":\"EntryPoint\",\"urlTemplate\":\"https:\\\/\\\/kishpiway.com\\\/?s={search_term_string}\"},\"query-input\":{\"@type\":\"PropertyValueSpecification\",\"valueRequired\":true,\"valueName\":\"search_term_string\"}}],\"inLanguage\":\"en-GB\"},{\"@type\":\"Organization\",\"@id\":\"https:\\\/\\\/kishpiway.com\\\/#organization\",\"name\":\"KishpiWay\",\"url\":\"https:\\\/\\\/kishpiway.com\\\/\",\"logo\":{\"@type\":\"ImageObject\",\"inLanguage\":\"en-GB\",\"@id\":\"https:\\\/\\\/kishpiway.com\\\/#\\\/schema\\\/logo\\\/image\\\/\",\"url\":\"https:\\\/\\\/kishpiway.com\\\/wp-content\\\/uploads\\\/2026\\\/03\\\/Untitled.jpeg\",\"contentUrl\":\"https:\\\/\\\/kishpiway.com\\\/wp-content\\\/uploads\\\/2026\\\/03\\\/Untitled.jpeg\",\"width\":1080,\"height\":1080,\"caption\":\"KishpiWay\"},\"image\":{\"@id\":\"https:\\\/\\\/kishpiway.com\\\/#\\\/schema\\\/logo\\\/image\\\/\"},\"sameAs\":[\"https:\\\/\\\/www.facebook.com\\\/profile.php?id=61587144574084\",\"https:\\\/\\\/www.instagram.com\\\/kishpiway?igsh=MmVmYXMwZWRkaHky&utm_source=qr\",\"https:\\\/\\\/www.tiktok.com\\\/@kishpiway\",\"https:\\\/\\\/youtube.com\\\/@kishpiway?si=gSSoKr1DbWYKK_QZ\"]}]}<\/script>\n<!-- \/ Yoast SEO plugin. -->","yoast_head_json":{"title":"Gu\u00edas - KishpiWay","robots":{"index":"index","follow":"follow","max-snippet":"max-snippet:-1","max-image-preview":"max-image-preview:large","max-video-preview":"max-video-preview:-1"},"canonical":"https:\/\/kishpiway.com\/en\/guias\/","og_locale":"en_GB","og_type":"article","og_title":"Gu\u00edas - KishpiWay","og_description":"Gu\u00edas reales para viajar mejor, gastar con m\u00e1s cabeza y disfrutar experiencias que de verdad valen la pena. En KishpiWay [&hellip;]","og_url":"https:\/\/kishpiway.com\/en\/guias\/","og_site_name":"KishpiWay","article_publisher":"https:\/\/www.facebook.com\/profile.php?id=61587144574084","article_modified_time":"2026-03-11T17:46:21+00:00","twitter_card":"summary_large_image","twitter_misc":{"Estimated reading time":"1 minute"},"schema":{"@context":"https:\/\/schema.org","@graph":[{"@type":"WebPage","@id":"https:\/\/kishpiway.com\/guias\/","url":"https:\/\/kishpiway.com\/guias\/","name":"Gu\u00edas - KishpiWay","isPartOf":{"@id":"https:\/\/kishpiway.com\/#website"},"datePublished":"2026-02-04T17:15:44+00:00","dateModified":"2026-03-11T17:46:21+00:00","breadcrumb":{"@id":"https:\/\/kishpiway.com\/guias\/#breadcrumb"},"inLanguage":"en-GB","potentialAction":[{"@type":"ReadAction","target":["https:\/\/kishpiway.com\/guias\/"]}]},{"@type":"BreadcrumbList","@id":"https:\/\/kishpiway.com\/guias\/#breadcrumb","itemListElement":[{"@type":"ListItem","position":1,"name":"Home","item":"https:\/\/kishpiway.com\/"},{"@type":"ListItem","position":2,"name":"Gu\u00edas"}]},{"@type":"WebSite","@id":"https:\/\/kishpiway.com\/#website","url":"https:\/\/kishpiway.com\/","name":"KishpiWay","description":"Gu\u00ecas de viaje, experiencias reales y consejos pr\u00e0cticos","publisher":{"@id":"https:\/\/kishpiway.com\/#organization"},"potentialAction":[{"@type":"SearchAction","target":{"@type":"EntryPoint","urlTemplate":"https:\/\/kishpiway.com\/?s={search_term_string}"},"query-input":{"@type":"PropertyValueSpecification","valueRequired":true,"valueName":"search_term_string"}}],"inLanguage":"en-GB"},{"@type":"Organization","@id":"https:\/\/kishpiway.com\/#organization","name":"KishpiWay","url":"https:\/\/kishpiway.com\/","logo":{"@type":"ImageObject","inLanguage":"en-GB","@id":"https:\/\/kishpiway.com\/#\/schema\/logo\/image\/","url":"https:\/\/kishpiway.com\/wp-content\/uploads\/2026\/03\/Untitled.jpeg","contentUrl":"https:\/\/kishpiway.com\/wp-content\/uploads\/2026\/03\/Untitled.jpeg","width":1080,"height":1080,"caption":"KishpiWay"},"image":{"@id":"https:\/\/kishpiway.com\/#\/schema\/logo\/image\/"},"sameAs":["https:\/\/www.facebook.com\/profile.php?id=61587144574084","https:\/\/www.instagram.com\/kishpiway?igsh=MmVmYXMwZWRkaHky&utm_source=qr","https:\/\/www.tiktok.com\/@kishpiway","https:\/\/youtube.com\/@kishpiway?si=gSSoKr1DbWYKK_QZ"]}]}},"_links":{"self":[{"href":"https:\/\/kishpiway.com\/en\/wp-json\/wp\/v2\/pages\/10","targetHints":{"allow":["GET"]}}],"collection":[{"href":"https:\/\/kishpiway.com\/en\/wp-json\/wp\/v2\/pages"}],"about":[{"href":"https:\/\/kishpiway.com\/en\/wp-json\/wp\/v2\/types\/page"}],"author":[{"embeddable":true,"href":"https:\/\/kishpiway.com\/en\/wp-json\/wp\/v2\/users\/1"}],"replies":[{"embeddable":true,"href":"https:\/\/kishpiway.com\/en\/wp-json\/wp\/v2\/comments?post=10"}],"version-history":[{"count":3,"href":"https:\/\/kishpiway.com\/en\/wp-json\/wp\/v2\/pages\/10\/revisions"}],"predecessor-version":[{"id":148,"href":"https:\/\/kishpiway.com\/en\/wp-json\/wp\/v2\/pages\/10\/revisions\/148"}],"wp:attachment":[{"href":"https:\/\/kishpiway.com\/en\/wp-json\/wp\/v2\/media?parent=10"}],"curies":[{"name":"wp","href":"https:\/\/api.w.org\/{rel}","templated":true}]}}