{"id":14,"date":"2026-02-04T17:16:20","date_gmt":"2026-02-04T17:16:20","guid":{"rendered":"http:\/\/kishpiway.com\/?page_id=14"},"modified":"2026-02-06T14:58:59","modified_gmt":"2026-02-06T14:58:59","slug":"contacto","status":"publish","type":"page","link":"https:\/\/kishpiway.com\/en\/contacto\/","title":{"rendered":"Contact"},"content":{"rendered":"\n<p>Bienvenido\/a a KishpiWay &#x2708;&#xfe0f;<\/p>\n\n\n\n<p>Si tienes preguntas sobre destinos, colaboraciones, recomendaciones de viaje o simplemente quieres saludar, puedes escribirme.<\/p>\n\n\n\n<p>KishpiWay es un espacio de viajes reales en familia, con gu\u00edas pr\u00e1cticas, experiencias honestas y consejos \u00fatiles para viajar sin estr\u00e9s.<\/p>\n\n\n\n<p>Responder\u00e9 lo antes posible.<\/p>\n\n\n\n<p>&#x1f4e9; Email: kishpiway@outlook.com<br>&#x1f4cd; Basado en Londres<br>&#x1f30d; Viajes por Europa y destinos familiares<\/p>\n\n\n\n<p>Gracias por estar aqu\u00ed.<br>Estefan\u00eda \u2013 KishpiWay<\/p>\n\n\n<style id=\"wpforms-css-vars-92-block-2bab1be5-e36d-4e2d-a199-09261170d95c\">\n\t\t\t\t#wpforms-92.wpforms-block-2bab1be5-e36d-4e2d-a199-09261170d95c {\n\t\t\t\t--wpforms-field-size-input-height: 43px;\n--wpforms-field-size-input-spacing: 15px;\n--wpforms-field-size-font-size: 16px;\n--wpforms-field-size-line-height: 19px;\n--wpforms-field-size-padding-h: 14px;\n--wpforms-field-size-checkbox-size: 16px;\n--wpforms-field-size-sublabel-spacing: 5px;\n--wpforms-field-size-icon-size: 1;\n--wpforms-label-size-font-size: 16px;\n--wpforms-label-size-line-height: 19px;\n--wpforms-label-size-sublabel-font-size: 14px;\n--wpforms-label-size-sublabel-line-height: 17px;\n--wpforms-button-size-font-size: 17px;\n--wpforms-button-size-height: 41px;\n--wpforms-button-size-padding-h: 15px;\n--wpforms-button-size-margin-top: 10px;\n\t\t\t}\n\t\t\t<\/style><div class=\"wpforms-container wpforms-container-full wpforms-block wpforms-block-2bab1be5-e36d-4e2d-a199-09261170d95c wpforms-render-modern\" id=\"wpforms-92\"><form id=\"wpforms-form-92\" class=\"wpforms-validate wpforms-form wpforms-ajax-form\" data-formid=\"92\" method=\"post\" enctype=\"multipart\/form-data\" action=\"\/en\/wp-json\/wp\/v2\/pages\/14\" data-token=\"341aac6e209235bdc3a31ca220bc7af4\" data-token-time=\"1778692059\"><noscript class=\"wpforms-error-noscript\">Please enable JavaScript in your browser to complete this form.<\/noscript><div id=\"wpforms-error-noscript\" style=\"display: none;\">Please enable JavaScript in your browser to complete this form.<\/div><div class=\"wpforms-field-container\">\t\t<div id=\"wpforms-92-field_4-container\"\n\t\t\tclass=\"wpforms-field wpforms-field-text\"\n\t\t\tdata-field-type=\"text\"\n\t\t\tdata-field-id=\"4\"\n\t\t\t>\n\t\t\t<label class=\"wpforms-field-label\" for=\"wpforms-92-field_4\" >Message Comment or<\/label>\n\t\t\t<input type=\"text\" id=\"wpforms-92-field_4\" class=\"wpforms-field-medium\" name=\"wpforms[fields][4]\" >\n\t\t<\/div>\n\t\t<div id=\"wpforms-92-field_1-container\" class=\"wpforms-field wpforms-field-name\" data-field-id=\"1\"><fieldset><legend class=\"wpforms-field-label\">Name <span class=\"wpforms-required-label\" aria-hidden=\"true\">*<\/span><\/legend><div class=\"wpforms-field-row wpforms-field-medium\"><div class=\"wpforms-field-row-block wpforms-first wpforms-one-half\"><input type=\"text\" id=\"wpforms-92-field_1\" class=\"wpforms-field-name-first wpforms-field-required\" name=\"wpforms[fields][1][first]\" aria-errormessage=\"wpforms-92-field_1-error\" required><label for=\"wpforms-92-field_1\" class=\"wpforms-field-sublabel after\">First<\/label><\/div><div class=\"wpforms-field-row-block wpforms-one-half\"><input type=\"text\" id=\"wpforms-92-field_1-last\" class=\"wpforms-field-name-last wpforms-field-required\" name=\"wpforms[fields][1][last]\" aria-errormessage=\"wpforms-92-field_1-last-error\" required><label for=\"wpforms-92-field_1-last\" class=\"wpforms-field-sublabel after\">Last<\/label><\/div><\/div><\/fieldset><\/div><div id=\"wpforms-92-field_2-container\" class=\"wpforms-field wpforms-field-email\" data-field-id=\"2\"><label class=\"wpforms-field-label\" for=\"wpforms-92-field_2\">Email <span class=\"wpforms-required-label\" aria-hidden=\"true\">*<\/span><\/label><input type=\"email\" id=\"wpforms-92-field_2\" class=\"wpforms-field-medium wpforms-field-required\" name=\"wpforms[fields][2]\" spellcheck=\"false\" aria-errormessage=\"wpforms-92-field_2-error\" required><\/div><div id=\"wpforms-92-field_3-container\" class=\"wpforms-field wpforms-field-textarea\" data-field-id=\"3\"><label class=\"wpforms-field-label\" for=\"wpforms-92-field_3\">Comment or Message<\/label><textarea id=\"wpforms-92-field_3\" class=\"wpforms-field-medium\" name=\"wpforms[fields][3]\" aria-errormessage=\"wpforms-92-field_3-error\" ><\/textarea><\/div><script>\n\t\t\t\t( function() {\n\t\t\t\t\tconst style = document.createElement( 'style' );\n\t\t\t\t\tstyle.appendChild( document.createTextNode( '#wpforms-92-field_4-container { position: absolute !important; overflow: hidden !important; display: inline !important; height: 1px !important; width: 1px !important; z-index: -1000 !important; padding: 0 !important; } #wpforms-92-field_4-container input { visibility: hidden; } #wpforms-conversational-form-page #wpforms-92-field_4-container label { counter-increment: none; }' ) );\n\t\t\t\t\tdocument.head.appendChild( style );\n\t\t\t\t\tdocument.currentScript?.remove();\n\t\t\t\t} )();\n\t\t\t<\/script><\/div><!-- .wpforms-field-container --><div class=\"wpforms-submit-container\" ><input type=\"hidden\" name=\"wpforms[id]\" value=\"92\"><input type=\"hidden\" name=\"page_title\" value=\"\"><input type=\"hidden\" name=\"page_url\" value=\"https:\/\/kishpiway.com\/en\/wp-json\/wp\/v2\/pages\/14\"><input type=\"hidden\" name=\"url_referer\" value=\"\"><button type=\"submit\" name=\"wpforms[submit]\" id=\"wpforms-submit-92\" class=\"wpforms-submit\" data-alt-text=\"Sending...\" data-submit-text=\"Submit\" aria-live=\"assertive\" value=\"wpforms-submit\">Submit<\/button><img loading=\"lazy\" decoding=\"async\" src=\"https:\/\/kishpiway.com\/wp-content\/plugins\/wpforms-lite\/assets\/images\/submit-spin.svg\" class=\"wpforms-submit-spinner\" style=\"display: none;\" width=\"26\" height=\"26\" alt=\"Loading\"><\/div><\/form><\/div>  <!-- .wpforms-container -->","protected":false},"excerpt":{"rendered":"<p>Bienvenido\/a a KishpiWay &#x2708;&#xfe0f; Si tienes preguntas sobre destinos, colaboraciones, recomendaciones de viaje o simplemente quieres saludar, puedes escribirme. KishpiWay [&hellip;]<\/p>\n","protected":false},"author":1,"featured_media":0,"parent":0,"menu_order":0,"comment_status":"closed","ping_status":"closed","template":"","meta":{"site-sidebar-layout":"default","site-content-layout":"","ast-site-content-layout":"default","site-content-style":"default","site-sidebar-style":"default","ast-global-header-display":"","ast-banner-title-visibility":"","ast-main-header-display":"","ast-hfb-above-header-display":"","ast-hfb-below-header-display":"","ast-hfb-mobile-header-display":"","site-post-title":"","ast-breadcrumbs-content":"","ast-featured-img":"","footer-sml-layout":"","ast-disable-related-posts":"","theme-transparent-header-meta":"","adv-header-id-meta":"","stick-header-meta":"","header-above-stick-meta":"","header-main-stick-meta":"","header-below-stick-meta":"","astra-migrate-meta-layouts":"default","ast-page-background-enabled":"default","ast-page-background-meta":{"desktop":{"background-color":"var(--ast-global-color-5)","background-image":"","background-repeat":"repeat","background-position":"center center","background-size":"auto","background-attachment":"scroll","background-type":"","background-media":"","overlay-type":"","overlay-color":"","overlay-opacity":"","overlay-gradient":""},"tablet":{"background-color":"","background-image":"","background-repeat":"repeat","background-position":"center center","background-size":"auto","background-attachment":"scroll","background-type":"","background-media":"","overlay-type":"","overlay-color":"","overlay-opacity":"","overlay-gradient":""},"mobile":{"background-color":"","background-image":"","background-repeat":"repeat","background-position":"center center","background-size":"auto","background-attachment":"scroll","background-type":"","background-media":"","overlay-type":"","overlay-color":"","overlay-opacity":"","overlay-gradient":""}},"ast-content-background-meta":{"desktop":{"background-color":"var(--ast-global-color-4)","background-image":"","background-repeat":"repeat","background-position":"center center","background-size":"auto","background-attachment":"scroll","background-type":"","background-media":"","overlay-type":"","overlay-color":"","overlay-opacity":"","overlay-gradient":""},"tablet":{"background-color":"var(--ast-global-color-4)","background-image":"","background-repeat":"repeat","background-position":"center center","background-size":"auto","background-attachment":"scroll","background-type":"","background-media":"","overlay-type":"","overlay-color":"","overlay-opacity":"","overlay-gradient":""},"mobile":{"background-color":"var(--ast-global-color-4)","background-image":"","background-repeat":"repeat","background-position":"center center","background-size":"auto","background-attachment":"scroll","background-type":"","background-media":"","overlay-type":"","overlay-color":"","overlay-opacity":"","overlay-gradient":""}},"footnotes":""},"class_list":["post-14","page","type-page","status-publish","hentry"],"yoast_head":"<!-- This site is optimized with the Yoast SEO plugin v27.6 - https:\/\/yoast.com\/product\/yoast-seo-wordpress\/ -->\n<title>Contacto - KishpiWay<\/title>\n<meta name=\"robots\" content=\"index, follow, max-snippet:-1, max-image-preview:large, max-video-preview:-1\" \/>\n<link rel=\"canonical\" href=\"https:\/\/kishpiway.com\/en\/contacto\/\" \/>\n<meta property=\"og:locale\" content=\"en_GB\" \/>\n<meta property=\"og:type\" content=\"article\" \/>\n<meta property=\"og:title\" content=\"Contacto - KishpiWay\" \/>\n<meta property=\"og:description\" content=\"Bienvenido\/a a KishpiWay &#x2708;&#xfe0f; Si tienes preguntas sobre destinos, colaboraciones, recomendaciones de viaje o simplemente quieres saludar, puedes escribirme. KishpiWay [&hellip;]\" \/>\n<meta property=\"og:url\" content=\"https:\/\/kishpiway.com\/en\/contacto\/\" \/>\n<meta property=\"og:site_name\" content=\"KishpiWay\" \/>\n<meta property=\"article:publisher\" content=\"https:\/\/www.facebook.com\/profile.php?id=61587144574084\" \/>\n<meta property=\"article:modified_time\" content=\"2026-02-06T14:58:59+00:00\" \/>\n<meta name=\"twitter:card\" content=\"summary_large_image\" \/>\n<script type=\"application\/ld+json\" class=\"yoast-schema-graph\">{\"@context\":\"https:\\\/\\\/schema.org\",\"@graph\":[{\"@type\":\"WebPage\",\"@id\":\"https:\\\/\\\/kishpiway.com\\\/contacto\\\/\",\"url\":\"https:\\\/\\\/kishpiway.com\\\/contacto\\\/\",\"name\":\"Contacto - KishpiWay\",\"isPartOf\":{\"@id\":\"https:\\\/\\\/kishpiway.com\\\/#website\"},\"datePublished\":\"2026-02-04T17:16:20+00:00\",\"dateModified\":\"2026-02-06T14:58:59+00:00\",\"breadcrumb\":{\"@id\":\"https:\\\/\\\/kishpiway.com\\\/contacto\\\/#breadcrumb\"},\"inLanguage\":\"en-GB\",\"potentialAction\":[{\"@type\":\"ReadAction\",\"target\":[\"https:\\\/\\\/kishpiway.com\\\/contacto\\\/\"]}]},{\"@type\":\"BreadcrumbList\",\"@id\":\"https:\\\/\\\/kishpiway.com\\\/contacto\\\/#breadcrumb\",\"itemListElement\":[{\"@type\":\"ListItem\",\"position\":1,\"name\":\"Home\",\"item\":\"https:\\\/\\\/kishpiway.com\\\/\"},{\"@type\":\"ListItem\",\"position\":2,\"name\":\"Contacto\"}]},{\"@type\":\"WebSite\",\"@id\":\"https:\\\/\\\/kishpiway.com\\\/#website\",\"url\":\"https:\\\/\\\/kishpiway.com\\\/\",\"name\":\"KishpiWay\",\"description\":\"Gu\u00ecas de viaje, experiencias reales y consejos pr\u00e0cticos\",\"publisher\":{\"@id\":\"https:\\\/\\\/kishpiway.com\\\/#organization\"},\"potentialAction\":[{\"@type\":\"SearchAction\",\"target\":{\"@type\":\"EntryPoint\",\"urlTemplate\":\"https:\\\/\\\/kishpiway.com\\\/?s={search_term_string}\"},\"query-input\":{\"@type\":\"PropertyValueSpecification\",\"valueRequired\":true,\"valueName\":\"search_term_string\"}}],\"inLanguage\":\"en-GB\"},{\"@type\":\"Organization\",\"@id\":\"https:\\\/\\\/kishpiway.com\\\/#organization\",\"name\":\"KishpiWay\",\"url\":\"https:\\\/\\\/kishpiway.com\\\/\",\"logo\":{\"@type\":\"ImageObject\",\"inLanguage\":\"en-GB\",\"@id\":\"https:\\\/\\\/kishpiway.com\\\/#\\\/schema\\\/logo\\\/image\\\/\",\"url\":\"https:\\\/\\\/kishpiway.com\\\/wp-content\\\/uploads\\\/2026\\\/03\\\/Untitled.jpeg\",\"contentUrl\":\"https:\\\/\\\/kishpiway.com\\\/wp-content\\\/uploads\\\/2026\\\/03\\\/Untitled.jpeg\",\"width\":1080,\"height\":1080,\"caption\":\"KishpiWay\"},\"image\":{\"@id\":\"https:\\\/\\\/kishpiway.com\\\/#\\\/schema\\\/logo\\\/image\\\/\"},\"sameAs\":[\"https:\\\/\\\/www.facebook.com\\\/profile.php?id=61587144574084\",\"https:\\\/\\\/www.instagram.com\\\/kishpiway?igsh=MmVmYXMwZWRkaHky&utm_source=qr\",\"https:\\\/\\\/www.tiktok.com\\\/@kishpiway\",\"https:\\\/\\\/youtube.com\\\/@kishpiway?si=gSSoKr1DbWYKK_QZ\"]}]}<\/script>\n<!-- \/ Yoast SEO plugin. -->","yoast_head_json":{"title":"Contacto - KishpiWay","robots":{"index":"index","follow":"follow","max-snippet":"max-snippet:-1","max-image-preview":"max-image-preview:large","max-video-preview":"max-video-preview:-1"},"canonical":"https:\/\/kishpiway.com\/en\/contacto\/","og_locale":"en_GB","og_type":"article","og_title":"Contacto - KishpiWay","og_description":"Bienvenido\/a a KishpiWay &#x2708;&#xfe0f; Si tienes preguntas sobre destinos, colaboraciones, recomendaciones de viaje o simplemente quieres saludar, puedes escribirme. KishpiWay [&hellip;]","og_url":"https:\/\/kishpiway.com\/en\/contacto\/","og_site_name":"KishpiWay","article_publisher":"https:\/\/www.facebook.com\/profile.php?id=61587144574084","article_modified_time":"2026-02-06T14:58:59+00:00","twitter_card":"summary_large_image","schema":{"@context":"https:\/\/schema.org","@graph":[{"@type":"WebPage","@id":"https:\/\/kishpiway.com\/contacto\/","url":"https:\/\/kishpiway.com\/contacto\/","name":"Contacto - KishpiWay","isPartOf":{"@id":"https:\/\/kishpiway.com\/#website"},"datePublished":"2026-02-04T17:16:20+00:00","dateModified":"2026-02-06T14:58:59+00:00","breadcrumb":{"@id":"https:\/\/kishpiway.com\/contacto\/#breadcrumb"},"inLanguage":"en-GB","potentialAction":[{"@type":"ReadAction","target":["https:\/\/kishpiway.com\/contacto\/"]}]},{"@type":"BreadcrumbList","@id":"https:\/\/kishpiway.com\/contacto\/#breadcrumb","itemListElement":[{"@type":"ListItem","position":1,"name":"Home","item":"https:\/\/kishpiway.com\/"},{"@type":"ListItem","position":2,"name":"Contacto"}]},{"@type":"WebSite","@id":"https:\/\/kishpiway.com\/#website","url":"https:\/\/kishpiway.com\/","name":"KishpiWay","description":"Gu\u00ecas de viaje, experiencias reales y consejos pr\u00e0cticos","publisher":{"@id":"https:\/\/kishpiway.com\/#organization"},"potentialAction":[{"@type":"SearchAction","target":{"@type":"EntryPoint","urlTemplate":"https:\/\/kishpiway.com\/?s={search_term_string}"},"query-input":{"@type":"PropertyValueSpecification","valueRequired":true,"valueName":"search_term_string"}}],"inLanguage":"en-GB"},{"@type":"Organization","@id":"https:\/\/kishpiway.com\/#organization","name":"KishpiWay","url":"https:\/\/kishpiway.com\/","logo":{"@type":"ImageObject","inLanguage":"en-GB","@id":"https:\/\/kishpiway.com\/#\/schema\/logo\/image\/","url":"https:\/\/kishpiway.com\/wp-content\/uploads\/2026\/03\/Untitled.jpeg","contentUrl":"https:\/\/kishpiway.com\/wp-content\/uploads\/2026\/03\/Untitled.jpeg","width":1080,"height":1080,"caption":"KishpiWay"},"image":{"@id":"https:\/\/kishpiway.com\/#\/schema\/logo\/image\/"},"sameAs":["https:\/\/www.facebook.com\/profile.php?id=61587144574084","https:\/\/www.instagram.com\/kishpiway?igsh=MmVmYXMwZWRkaHky&utm_source=qr","https:\/\/www.tiktok.com\/@kishpiway","https:\/\/youtube.com\/@kishpiway?si=gSSoKr1DbWYKK_QZ"]}]}},"_links":{"self":[{"href":"https:\/\/kishpiway.com\/en\/wp-json\/wp\/v2\/pages\/14","targetHints":{"allow":["GET"]}}],"collection":[{"href":"https:\/\/kishpiway.com\/en\/wp-json\/wp\/v2\/pages"}],"about":[{"href":"https:\/\/kishpiway.com\/en\/wp-json\/wp\/v2\/types\/page"}],"author":[{"embeddable":true,"href":"https:\/\/kishpiway.com\/en\/wp-json\/wp\/v2\/users\/1"}],"replies":[{"embeddable":true,"href":"https:\/\/kishpiway.com\/en\/wp-json\/wp\/v2\/comments?post=14"}],"version-history":[{"count":2,"href":"https:\/\/kishpiway.com\/en\/wp-json\/wp\/v2\/pages\/14\/revisions"}],"predecessor-version":[{"id":96,"href":"https:\/\/kishpiway.com\/en\/wp-json\/wp\/v2\/pages\/14\/revisions\/96"}],"wp:attachment":[{"href":"https:\/\/kishpiway.com\/en\/wp-json\/wp\/v2\/media?parent=14"}],"curies":[{"name":"wp","href":"https:\/\/api.w.org\/{rel}","templated":true}]}}