{"id":6,"date":"2026-02-04T17:13:31","date_gmt":"2026-02-04T17:13:31","guid":{"rendered":"http:\/\/kishpiway.com\/?page_id=6"},"modified":"2026-03-28T17:30:34","modified_gmt":"2026-03-28T17:30:34","slug":"home","status":"publish","type":"page","link":"https:\/\/kishpiway.com\/en\/","title":{"rendered":"Home"},"content":{"rendered":"<figure class=\"wp-block-image size-large\"><img loading=\"lazy\" decoding=\"async\" width=\"1024\" height=\"683\" src=\"http:\/\/kishpiway.com\/wp-content\/uploads\/2026\/02\/5CA97646-374A-46EA-A637-EA93ABEEE11A-1024x683.png\" alt=\"Viajes en familia y gu\u00edas pr\u00e1cticas - KishpiWay \" class=\"wp-image-22\" srcset=\"https:\/\/kishpiway.com\/wp-content\/uploads\/2026\/02\/5CA97646-374A-46EA-A637-EA93ABEEE11A-1024x683.png 1024w, https:\/\/kishpiway.com\/wp-content\/uploads\/2026\/02\/5CA97646-374A-46EA-A637-EA93ABEEE11A-300x200.png 300w, https:\/\/kishpiway.com\/wp-content\/uploads\/2026\/02\/5CA97646-374A-46EA-A637-EA93ABEEE11A-768x512.png 768w, https:\/\/kishpiway.com\/wp-content\/uploads\/2026\/02\/5CA97646-374A-46EA-A637-EA93ABEEE11A.png 1536w\" sizes=\"auto, (max-width: 1024px) 100vw, 1024px\" \/><\/figure>\n\n\n\n<h2 class=\"wp-block-heading\">Travel easily. Live real experiences. <\/h2>\n\n\n\n<p class=\"has-text-align-left has-text-color has-link-color has-medium-font-size wp-elements-ee417bd85ebd62b72085770b8f77882b\" style=\"color:#555555\"><em>Practical guides, real destinations and honest tips.<\/em><\/p>\n\n\n\n<p class=\"has-text-color has-link-color has-medium-font-size wp-elements-59ad830ec97ee07ace15468a5c5b958a\" style=\"color:#555555\">KishpiWay was created to help you travel in a real, practical and simple way.<br>Here you\u2019ll find clear guides, family-tested destinations and honest tips to plan your trip.<\/p>\n\n\n\n<h2 class=\"wp-block-heading\">Explore by destinations<\/h2>\n\n\n\n<ul class=\"wp-block-list\">\n<li><a data-type=\"page\" data-id=\"32\" href=\"http:\/\/kishpiway.com\/en\/reino-unido\/\">United Kingdom <\/a><\/li>\n<\/ul>\n\n\n\n<h2 class=\"wp-block-heading\">Lates guides<\/h2>\n\n\n<ul class=\"wp-block-latest-posts__list is-grid columns-3 wp-block-latest-posts\"><li><div class=\"wp-block-latest-posts__featured-image\"><img loading=\"lazy\" decoding=\"async\" width=\"683\" height=\"1024\" src=\"https:\/\/kishpiway.com\/wp-content\/uploads\/2026\/03\/22C1BC22-0DAA-4981-81EF-E82E4BC3C84B-683x1024.png\" class=\"attachment-large size-large wp-post-image\" alt=\"Harry Potter Studio Tour Londres interior Diagon Alley\" style=\"\" srcset=\"https:\/\/kishpiway.com\/wp-content\/uploads\/2026\/03\/22C1BC22-0DAA-4981-81EF-E82E4BC3C84B-683x1024.png 683w, https:\/\/kishpiway.com\/wp-content\/uploads\/2026\/03\/22C1BC22-0DAA-4981-81EF-E82E4BC3C84B-200x300.png 200w, https:\/\/kishpiway.com\/wp-content\/uploads\/2026\/03\/22C1BC22-0DAA-4981-81EF-E82E4BC3C84B-768x1152.png 768w, https:\/\/kishpiway.com\/wp-content\/uploads\/2026\/03\/22C1BC22-0DAA-4981-81EF-E82E4BC3C84B-8x12.png 8w, https:\/\/kishpiway.com\/wp-content\/uploads\/2026\/03\/22C1BC22-0DAA-4981-81EF-E82E4BC3C84B.png 1024w\" sizes=\"auto, (max-width: 683px) 100vw, 683px\" \/><\/div><a class=\"wp-block-latest-posts__post-title\" href=\"https:\/\/kishpiway.com\/en\/harry-potter-studio-tour-london-guia-completa-con-precios-reales-y-consejos-2026\/\">Harry Potter Studio Tour London: complete guide with real prices and tips (2026)<\/a><\/li>\n<li><div class=\"wp-block-latest-posts__featured-image\"><img loading=\"lazy\" decoding=\"async\" width=\"577\" height=\"1024\" src=\"https:\/\/kishpiway.com\/wp-content\/uploads\/2026\/03\/IMG_0511-577x1024.jpeg\" class=\"attachment-large size-large wp-post-image\" alt=\"Kyoto Garden Holland Park Londres con ni\u00f1os\" style=\"\" srcset=\"https:\/\/kishpiway.com\/wp-content\/uploads\/2026\/03\/IMG_0511-577x1024.jpeg 577w, https:\/\/kishpiway.com\/wp-content\/uploads\/2026\/03\/IMG_0511-169x300.jpeg 169w, https:\/\/kishpiway.com\/wp-content\/uploads\/2026\/03\/IMG_0511-768x1363.jpeg 768w, https:\/\/kishpiway.com\/wp-content\/uploads\/2026\/03\/IMG_0511-865x1536.jpeg 865w, https:\/\/kishpiway.com\/wp-content\/uploads\/2026\/03\/IMG_0511-1154x2048.jpeg 1154w, https:\/\/kishpiway.com\/wp-content\/uploads\/2026\/03\/IMG_0511-7x12.jpeg 7w, https:\/\/kishpiway.com\/wp-content\/uploads\/2026\/03\/IMG_0511.jpeg 1163w\" sizes=\"auto, (max-width: 577px) 100vw, 577px\" \/><\/div><a class=\"wp-block-latest-posts__post-title\" href=\"https:\/\/kishpiway.com\/en\/londres-con-ninos-guia-real-de-una-familia-emigrante\/\">London with kids: real and honest family guide (2026)<\/a><\/li>\n<li><div class=\"wp-block-latest-posts__featured-image\"><img loading=\"lazy\" decoding=\"async\" width=\"1024\" height=\"628\" src=\"https:\/\/kishpiway.com\/wp-content\/uploads\/2026\/03\/575AF6DC-ED28-43C2-B69D-94358461F26C-1024x628.jpeg\" class=\"attachment-large size-large wp-post-image\" alt=\"Maqueta de castillo Harry Potter\" style=\"\" srcset=\"https:\/\/kishpiway.com\/wp-content\/uploads\/2026\/03\/575AF6DC-ED28-43C2-B69D-94358461F26C-1024x628.jpeg 1024w, https:\/\/kishpiway.com\/wp-content\/uploads\/2026\/03\/575AF6DC-ED28-43C2-B69D-94358461F26C-300x184.jpeg 300w, https:\/\/kishpiway.com\/wp-content\/uploads\/2026\/03\/575AF6DC-ED28-43C2-B69D-94358461F26C-768x471.jpeg 768w, https:\/\/kishpiway.com\/wp-content\/uploads\/2026\/03\/575AF6DC-ED28-43C2-B69D-94358461F26C-1536x942.jpeg 1536w, https:\/\/kishpiway.com\/wp-content\/uploads\/2026\/03\/575AF6DC-ED28-43C2-B69D-94358461F26C-2048x1256.jpeg 2048w, https:\/\/kishpiway.com\/wp-content\/uploads\/2026\/03\/575AF6DC-ED28-43C2-B69D-94358461F26C-18x12.jpeg 18w\" sizes=\"auto, (max-width: 1024px) 100vw, 1024px\" \/><\/div><a class=\"wp-block-latest-posts__post-title\" href=\"https:\/\/kishpiway.com\/en\/harry-potter-studio-tour-londres-fotos-souvenirs-y-cosas-gratis-que-no-debes-perderte-2026\/\">Harry Potter Studio Tour London: souvenirs and free things (2026)<\/a><\/li>\n<li><div class=\"wp-block-latest-posts__featured-image\"><img loading=\"lazy\" decoding=\"async\" width=\"1024\" height=\"683\" src=\"https:\/\/kishpiway.com\/wp-content\/uploads\/2026\/02\/94CE865E-FABB-4226-82D7-C611AAEFE1EE-1-1024x683.png\" class=\"attachment-large size-large wp-post-image\" alt=\"Backlot Caf\u00e9 d\u00f3nde comer Harry Potter Studio Tour Londres\" style=\"\" srcset=\"https:\/\/kishpiway.com\/wp-content\/uploads\/2026\/02\/94CE865E-FABB-4226-82D7-C611AAEFE1EE-1-1024x683.png 1024w, https:\/\/kishpiway.com\/wp-content\/uploads\/2026\/02\/94CE865E-FABB-4226-82D7-C611AAEFE1EE-1-300x200.png 300w, https:\/\/kishpiway.com\/wp-content\/uploads\/2026\/02\/94CE865E-FABB-4226-82D7-C611AAEFE1EE-1-768x512.png 768w, https:\/\/kishpiway.com\/wp-content\/uploads\/2026\/02\/94CE865E-FABB-4226-82D7-C611AAEFE1EE-1-18x12.png 18w, https:\/\/kishpiway.com\/wp-content\/uploads\/2026\/02\/94CE865E-FABB-4226-82D7-C611AAEFE1EE-1.png 1536w\" sizes=\"auto, (max-width: 1024px) 100vw, 1024px\" \/><\/div><a class=\"wp-block-latest-posts__post-title\" href=\"https:\/\/kishpiway.com\/en\/donde-comer-en-harry-potter-studio-tour-londres-precios-reales-y-consejos-2026\/\">Harry Potter Studio Tour London: where to eat + real prices (2026)<\/a><\/li>\n<li><div class=\"wp-block-latest-posts__featured-image\"><img loading=\"lazy\" decoding=\"async\" width=\"683\" height=\"1024\" src=\"https:\/\/kishpiway.com\/wp-content\/uploads\/2026\/02\/3FF12F8D-CF5E-46DB-96C3-748E0E1DEF40-683x1024.png\" class=\"attachment-large size-large wp-post-image\" alt=\"Interior Warner Bros Studio Tour Londres con drag\u00f3n colab\u00f3reme h\u00fangaro en el lobby\" style=\"\" srcset=\"https:\/\/kishpiway.com\/wp-content\/uploads\/2026\/02\/3FF12F8D-CF5E-46DB-96C3-748E0E1DEF40-683x1024.png 683w, https:\/\/kishpiway.com\/wp-content\/uploads\/2026\/02\/3FF12F8D-CF5E-46DB-96C3-748E0E1DEF40-200x300.png 200w, https:\/\/kishpiway.com\/wp-content\/uploads\/2026\/02\/3FF12F8D-CF5E-46DB-96C3-748E0E1DEF40-768x1152.png 768w, https:\/\/kishpiway.com\/wp-content\/uploads\/2026\/02\/3FF12F8D-CF5E-46DB-96C3-748E0E1DEF40.png 1024w\" sizes=\"auto, (max-width: 683px) 100vw, 683px\" \/><\/div><a class=\"wp-block-latest-posts__post-title\" href=\"https:\/\/kishpiway.com\/en\/que-ver-en-harry-potter-studio-londres-guia-completa-del-tour-2026\/\">What to see at the Harry Potter Studio Tour London: full tour guide<\/a><\/li>\n<li><div class=\"wp-block-latest-posts__featured-image\"><img loading=\"lazy\" decoding=\"async\" width=\"683\" height=\"1024\" src=\"https:\/\/kishpiway.com\/wp-content\/uploads\/2026\/02\/3E1F2D38-FD05-40C6-8A8B-740F992BD497-683x1024.png\" class=\"attachment-large size-large wp-post-image\" alt=\"Exterior Warner Bros Studio Tour London entrance\" style=\"\" srcset=\"https:\/\/kishpiway.com\/wp-content\/uploads\/2026\/02\/3E1F2D38-FD05-40C6-8A8B-740F992BD497-683x1024.png 683w, https:\/\/kishpiway.com\/wp-content\/uploads\/2026\/02\/3E1F2D38-FD05-40C6-8A8B-740F992BD497-200x300.png 200w, https:\/\/kishpiway.com\/wp-content\/uploads\/2026\/02\/3E1F2D38-FD05-40C6-8A8B-740F992BD497-768x1152.png 768w, https:\/\/kishpiway.com\/wp-content\/uploads\/2026\/02\/3E1F2D38-FD05-40C6-8A8B-740F992BD497.png 1024w\" sizes=\"auto, (max-width: 683px) 100vw, 683px\" \/><\/div><a class=\"wp-block-latest-posts__post-title\" href=\"https:\/\/kishpiway.com\/en\/como-comprar-entradas-para-harry-potter-studio-tour-londres-guia-2026-paso-a-paso\/\">How to buy tickets for the Harry Potter Studio Tour London (2026 step-by-step guide)<\/a><\/li>\n<\/ul>","protected":false},"excerpt":{"rendered":"<p>Viaja f\u00e1cil. Vive experiencias reales. Guias praticas, destinos reales y tips honestos KishpiWay nace para ayudarte a viajar de forma [&hellip;]<\/p>\n","protected":false},"author":1,"featured_media":0,"parent":0,"menu_order":0,"comment_status":"closed","ping_status":"closed","template":"","meta":{"site-sidebar-layout":"default","site-content-layout":"","ast-site-content-layout":"default","site-content-style":"default","site-sidebar-style":"default","ast-global-header-display":"","ast-banner-title-visibility":"","ast-main-header-display":"","ast-hfb-above-header-display":"","ast-hfb-below-header-display":"","ast-hfb-mobile-header-display":"","site-post-title":"disabled","ast-breadcrumbs-content":"","ast-featured-img":"","footer-sml-layout":"","ast-disable-related-posts":"","theme-transparent-header-meta":"","adv-header-id-meta":"","stick-header-meta":"","header-above-stick-meta":"","header-main-stick-meta":"","header-below-stick-meta":"","astra-migrate-meta-layouts":"default","ast-page-background-enabled":"default","ast-page-background-meta":{"desktop":{"background-color":"var(--ast-global-color-5)","background-image":"","background-repeat":"repeat","background-position":"center center","background-size":"auto","background-attachment":"scroll","background-type":"","background-media":"","overlay-type":"","overlay-color":"","overlay-opacity":"","overlay-gradient":""},"tablet":{"background-color":"","background-image":"","background-repeat":"repeat","background-position":"center center","background-size":"auto","background-attachment":"scroll","background-type":"","background-media":"","overlay-type":"","overlay-color":"","overlay-opacity":"","overlay-gradient":""},"mobile":{"background-color":"","background-image":"","background-repeat":"repeat","background-position":"center center","background-size":"auto","background-attachment":"scroll","background-type":"","background-media":"","overlay-type":"","overlay-color":"","overlay-opacity":"","overlay-gradient":""}},"ast-content-background-meta":{"desktop":{"background-color":"var(--ast-global-color-4)","background-image":"","background-repeat":"repeat","background-position":"center center","background-size":"auto","background-attachment":"scroll","background-type":"","background-media":"","overlay-type":"","overlay-color":"","overlay-opacity":"","overlay-gradient":""},"tablet":{"background-color":"var(--ast-global-color-4)","background-image":"","background-repeat":"repeat","background-position":"center center","background-size":"auto","background-attachment":"scroll","background-type":"","background-media":"","overlay-type":"","overlay-color":"","overlay-opacity":"","overlay-gradient":""},"mobile":{"background-color":"var(--ast-global-color-4)","background-image":"","background-repeat":"repeat","background-position":"center center","background-size":"auto","background-attachment":"scroll","background-type":"","background-media":"","overlay-type":"","overlay-color":"","overlay-opacity":"","overlay-gradient":""}},"footnotes":""},"class_list":["post-6","page","type-page","status-publish","hentry"],"yoast_head":"<!-- This site is optimized with the Yoast SEO plugin v27.6 - https:\/\/yoast.com\/product\/yoast-seo-wordpress\/ -->\n<title>Home - KishpiWay<\/title>\n<meta name=\"robots\" content=\"index, follow, max-snippet:-1, max-image-preview:large, max-video-preview:-1\" \/>\n<link rel=\"canonical\" href=\"https:\/\/kishpiway.com\/en\/\" \/>\n<meta property=\"og:locale\" content=\"en_GB\" \/>\n<meta property=\"og:type\" content=\"article\" \/>\n<meta property=\"og:title\" content=\"Home - KishpiWay\" \/>\n<meta property=\"og:description\" content=\"Viaja f\u00e1cil. Vive experiencias reales. Guias praticas, destinos reales y tips honestos KishpiWay nace para ayudarte a viajar de forma [&hellip;]\" \/>\n<meta property=\"og:url\" content=\"https:\/\/kishpiway.com\/en\/\" \/>\n<meta property=\"og:site_name\" content=\"KishpiWay\" \/>\n<meta property=\"article:publisher\" content=\"https:\/\/www.facebook.com\/profile.php?id=61587144574084\" \/>\n<meta property=\"article:modified_time\" content=\"2026-03-28T17:30:34+00:00\" \/>\n<meta property=\"og:image\" content=\"http:\/\/kishpiway.com\/wp-content\/uploads\/2026\/02\/5CA97646-374A-46EA-A637-EA93ABEEE11A-1024x683.png\" \/>\n<meta name=\"twitter:card\" content=\"summary_large_image\" \/>\n<meta name=\"twitter:label1\" content=\"Estimated reading time\" \/>\n\t<meta name=\"twitter:data1\" content=\"1 minute\" \/>\n<script type=\"application\/ld+json\" class=\"yoast-schema-graph\">{\"@context\":\"https:\\\/\\\/schema.org\",\"@graph\":[{\"@type\":\"WebPage\",\"@id\":\"https:\\\/\\\/kishpiway.com\\\/\",\"url\":\"https:\\\/\\\/kishpiway.com\\\/\",\"name\":\"Home - KishpiWay\",\"isPartOf\":{\"@id\":\"https:\\\/\\\/kishpiway.com\\\/#website\"},\"primaryImageOfPage\":{\"@id\":\"https:\\\/\\\/kishpiway.com\\\/#primaryimage\"},\"image\":{\"@id\":\"https:\\\/\\\/kishpiway.com\\\/#primaryimage\"},\"thumbnailUrl\":\"http:\\\/\\\/kishpiway.com\\\/wp-content\\\/uploads\\\/2026\\\/02\\\/5CA97646-374A-46EA-A637-EA93ABEEE11A-1024x683.png\",\"datePublished\":\"2026-02-04T17:13:31+00:00\",\"dateModified\":\"2026-03-28T17:30:34+00:00\",\"breadcrumb\":{\"@id\":\"https:\\\/\\\/kishpiway.com\\\/#breadcrumb\"},\"inLanguage\":\"en-GB\",\"potentialAction\":[{\"@type\":\"ReadAction\",\"target\":[\"https:\\\/\\\/kishpiway.com\\\/\"]}]},{\"@type\":\"ImageObject\",\"inLanguage\":\"en-GB\",\"@id\":\"https:\\\/\\\/kishpiway.com\\\/#primaryimage\",\"url\":\"http:\\\/\\\/kishpiway.com\\\/wp-content\\\/uploads\\\/2026\\\/02\\\/5CA97646-374A-46EA-A637-EA93ABEEE11A-1024x683.png\",\"contentUrl\":\"http:\\\/\\\/kishpiway.com\\\/wp-content\\\/uploads\\\/2026\\\/02\\\/5CA97646-374A-46EA-A637-EA93ABEEE11A-1024x683.png\"},{\"@type\":\"BreadcrumbList\",\"@id\":\"https:\\\/\\\/kishpiway.com\\\/#breadcrumb\",\"itemListElement\":[{\"@type\":\"ListItem\",\"position\":1,\"name\":\"Home\",\"item\":\"https:\\\/\\\/kishpiway.com\\\/\"},{\"@type\":\"ListItem\",\"position\":2,\"name\":\"Home\"}]},{\"@type\":\"WebSite\",\"@id\":\"https:\\\/\\\/kishpiway.com\\\/#website\",\"url\":\"https:\\\/\\\/kishpiway.com\\\/\",\"name\":\"KishpiWay\",\"description\":\"Gu\u00ecas de viaje, experiencias reales y consejos pr\u00e0cticos\",\"publisher\":{\"@id\":\"https:\\\/\\\/kishpiway.com\\\/#organization\"},\"potentialAction\":[{\"@type\":\"SearchAction\",\"target\":{\"@type\":\"EntryPoint\",\"urlTemplate\":\"https:\\\/\\\/kishpiway.com\\\/?s={search_term_string}\"},\"query-input\":{\"@type\":\"PropertyValueSpecification\",\"valueRequired\":true,\"valueName\":\"search_term_string\"}}],\"inLanguage\":\"en-GB\"},{\"@type\":\"Organization\",\"@id\":\"https:\\\/\\\/kishpiway.com\\\/#organization\",\"name\":\"KishpiWay\",\"url\":\"https:\\\/\\\/kishpiway.com\\\/\",\"logo\":{\"@type\":\"ImageObject\",\"inLanguage\":\"en-GB\",\"@id\":\"https:\\\/\\\/kishpiway.com\\\/#\\\/schema\\\/logo\\\/image\\\/\",\"url\":\"https:\\\/\\\/kishpiway.com\\\/wp-content\\\/uploads\\\/2026\\\/03\\\/Untitled.jpeg\",\"contentUrl\":\"https:\\\/\\\/kishpiway.com\\\/wp-content\\\/uploads\\\/2026\\\/03\\\/Untitled.jpeg\",\"width\":1080,\"height\":1080,\"caption\":\"KishpiWay\"},\"image\":{\"@id\":\"https:\\\/\\\/kishpiway.com\\\/#\\\/schema\\\/logo\\\/image\\\/\"},\"sameAs\":[\"https:\\\/\\\/www.facebook.com\\\/profile.php?id=61587144574084\",\"https:\\\/\\\/www.instagram.com\\\/kishpiway?igsh=MmVmYXMwZWRkaHky&utm_source=qr\",\"https:\\\/\\\/www.tiktok.com\\\/@kishpiway\",\"https:\\\/\\\/youtube.com\\\/@kishpiway?si=gSSoKr1DbWYKK_QZ\"]}]}<\/script>\n<!-- \/ Yoast SEO plugin. -->","yoast_head_json":{"title":"Home - KishpiWay","robots":{"index":"index","follow":"follow","max-snippet":"max-snippet:-1","max-image-preview":"max-image-preview:large","max-video-preview":"max-video-preview:-1"},"canonical":"https:\/\/kishpiway.com\/en\/","og_locale":"en_GB","og_type":"article","og_title":"Home - KishpiWay","og_description":"Viaja f\u00e1cil. Vive experiencias reales. Guias praticas, destinos reales y tips honestos KishpiWay nace para ayudarte a viajar de forma [&hellip;]","og_url":"https:\/\/kishpiway.com\/en\/","og_site_name":"KishpiWay","article_publisher":"https:\/\/www.facebook.com\/profile.php?id=61587144574084","article_modified_time":"2026-03-28T17:30:34+00:00","og_image":[{"url":"http:\/\/kishpiway.com\/wp-content\/uploads\/2026\/02\/5CA97646-374A-46EA-A637-EA93ABEEE11A-1024x683.png","type":"","width":"","height":""}],"twitter_card":"summary_large_image","twitter_misc":{"Estimated reading time":"1 minute"},"schema":{"@context":"https:\/\/schema.org","@graph":[{"@type":"WebPage","@id":"https:\/\/kishpiway.com\/","url":"https:\/\/kishpiway.com\/","name":"Home - KishpiWay","isPartOf":{"@id":"https:\/\/kishpiway.com\/#website"},"primaryImageOfPage":{"@id":"https:\/\/kishpiway.com\/#primaryimage"},"image":{"@id":"https:\/\/kishpiway.com\/#primaryimage"},"thumbnailUrl":"http:\/\/kishpiway.com\/wp-content\/uploads\/2026\/02\/5CA97646-374A-46EA-A637-EA93ABEEE11A-1024x683.png","datePublished":"2026-02-04T17:13:31+00:00","dateModified":"2026-03-28T17:30:34+00:00","breadcrumb":{"@id":"https:\/\/kishpiway.com\/#breadcrumb"},"inLanguage":"en-GB","potentialAction":[{"@type":"ReadAction","target":["https:\/\/kishpiway.com\/"]}]},{"@type":"ImageObject","inLanguage":"en-GB","@id":"https:\/\/kishpiway.com\/#primaryimage","url":"http:\/\/kishpiway.com\/wp-content\/uploads\/2026\/02\/5CA97646-374A-46EA-A637-EA93ABEEE11A-1024x683.png","contentUrl":"http:\/\/kishpiway.com\/wp-content\/uploads\/2026\/02\/5CA97646-374A-46EA-A637-EA93ABEEE11A-1024x683.png"},{"@type":"BreadcrumbList","@id":"https:\/\/kishpiway.com\/#breadcrumb","itemListElement":[{"@type":"ListItem","position":1,"name":"Home","item":"https:\/\/kishpiway.com\/"},{"@type":"ListItem","position":2,"name":"Home"}]},{"@type":"WebSite","@id":"https:\/\/kishpiway.com\/#website","url":"https:\/\/kishpiway.com\/","name":"KishpiWay","description":"Gu\u00ecas de viaje, experiencias reales y consejos pr\u00e0cticos","publisher":{"@id":"https:\/\/kishpiway.com\/#organization"},"potentialAction":[{"@type":"SearchAction","target":{"@type":"EntryPoint","urlTemplate":"https:\/\/kishpiway.com\/?s={search_term_string}"},"query-input":{"@type":"PropertyValueSpecification","valueRequired":true,"valueName":"search_term_string"}}],"inLanguage":"en-GB"},{"@type":"Organization","@id":"https:\/\/kishpiway.com\/#organization","name":"KishpiWay","url":"https:\/\/kishpiway.com\/","logo":{"@type":"ImageObject","inLanguage":"en-GB","@id":"https:\/\/kishpiway.com\/#\/schema\/logo\/image\/","url":"https:\/\/kishpiway.com\/wp-content\/uploads\/2026\/03\/Untitled.jpeg","contentUrl":"https:\/\/kishpiway.com\/wp-content\/uploads\/2026\/03\/Untitled.jpeg","width":1080,"height":1080,"caption":"KishpiWay"},"image":{"@id":"https:\/\/kishpiway.com\/#\/schema\/logo\/image\/"},"sameAs":["https:\/\/www.facebook.com\/profile.php?id=61587144574084","https:\/\/www.instagram.com\/kishpiway?igsh=MmVmYXMwZWRkaHky&utm_source=qr","https:\/\/www.tiktok.com\/@kishpiway","https:\/\/youtube.com\/@kishpiway?si=gSSoKr1DbWYKK_QZ"]}]}},"_links":{"self":[{"href":"https:\/\/kishpiway.com\/en\/wp-json\/wp\/v2\/pages\/6","targetHints":{"allow":["GET"]}}],"collection":[{"href":"https:\/\/kishpiway.com\/en\/wp-json\/wp\/v2\/pages"}],"about":[{"href":"https:\/\/kishpiway.com\/en\/wp-json\/wp\/v2\/types\/page"}],"author":[{"embeddable":true,"href":"https:\/\/kishpiway.com\/en\/wp-json\/wp\/v2\/users\/1"}],"replies":[{"embeddable":true,"href":"https:\/\/kishpiway.com\/en\/wp-json\/wp\/v2\/comments?post=6"}],"version-history":[{"count":9,"href":"https:\/\/kishpiway.com\/en\/wp-json\/wp\/v2\/pages\/6\/revisions"}],"predecessor-version":[{"id":253,"href":"https:\/\/kishpiway.com\/en\/wp-json\/wp\/v2\/pages\/6\/revisions\/253"}],"wp:attachment":[{"href":"https:\/\/kishpiway.com\/en\/wp-json\/wp\/v2\/media?parent=6"}],"curies":[{"name":"wp","href":"https:\/\/api.w.org\/{rel}","templated":true}]}}